{"id":937,"date":"2013-03-26T16:07:44","date_gmt":"2013-03-26T22:07:44","guid":{"rendered":"http:\/\/tambienestuya.com\/?page_id=937"},"modified":"2014-06-01T04:13:22","modified_gmt":"2014-06-01T09:13:22","slug":"urgente-consagracion","status":"publish","type":"page","link":"https:\/\/tambienestuya.com\/?page_id=937","title":{"rendered":"\u00a1URGENTE CONSAGRACI\u00d3N!"},"content":{"rendered":"<p style=\"text-align: center;\" align=\"center\"><a href=\"http:\/\/tambienestuya.com\/wp-content\/uploads\/2013\/03\/images-55.jpeg\"><img loading=\"lazy\" decoding=\"async\" class=\"aligncenter size-full wp-image-955\" title=\"images-5\" alt=\"\" src=\"http:\/\/tambienestuya.com\/wp-content\/uploads\/2013\/03\/images-55.jpeg\" width=\"275\" height=\"183\" \/><\/a><\/p>\n<p align=\"center\">(HABLA NUESTRA SANTISIMA MADRE)<\/p>\n<p style=\"text-align: justify;\"><span style=\"color: #888888;\">Madre Sant\u00edsima<\/span><\/p>\n<p style=\"text-align: justify;\">Peque\u00f1a&#8230;<\/p>\n<p style=\"text-align: justify;\"><span style=\"color: #888888;\">Atiendo<\/span><\/p>\n<p style=\"text-align: justify;\">Escucha: son tantos los que no han querido Consagrarse a Nuestros Sacrat\u00edsimos Corazones por no creer que es NECESARIO, pero LO ES.<\/p>\n<p style=\"text-align: justify;\">Nunca el Cielo da una orden, una invitaci\u00f3n, una sugerencia, como dec\u00eds vosotros, sin gran motivo.<\/p>\n<p style=\"text-align: justify;\">En esta fecha (Actualiza la fecha, Peque\u00f1a: <span style=\"color: #888888;\">Marzo 26<\/span>) Os lo volvemos a recodar:<\/p>\n<p style=\"text-align: center;\"><span style=\"color: #ff0000;\">CONSAGRAOS, CONSAGRAOS, CONSAGRAOS.<\/span><\/p>\n<p style=\"text-align: justify;\">Si no lo hab\u00e9is hecho comenzar ahora, hoy. Ya no pod\u00e9is esperar m\u00e1s. \u00bfQue acaso no sab\u00e9is que todo puede esperar menos la Salvaci\u00f3n de sus almas? \u00bfQu\u00e9 no sab\u00e9is que es la principal misi\u00f3n que ten\u00e9is: Salvar vuestra propia alma!<\/p>\n<p style=\"text-align: justify;\">Por eso os lo repito:<\/p>\n<p style=\"text-align: center;\"><span style=\"color: #ff0000;\">\u00a0CONSAGRAOS, CONSAGRAOS, CONSAGRAOS.<\/span><\/p>\n<p style=\"text-align: justify;\">(Poned esto no al calce, sino como en letras de oro, al inicio, como un letrero de alerta, Peque\u00f1a Ovejita Nuestra).<\/p>\n<p style=\"text-align: justify;\"><span style=\"color: #808080;\">As\u00ed Lo har\u00e9 Madre Sant\u00edsima<\/span><\/p>\n<p style=\"text-align: justify;\">Amen y Shalom Queda en Mi Santa Protecci\u00f3n y en la Santa Paz de Mi Amad\u00edsimo Hijo Jes\u00fas.<\/p>\n<p style=\"text-align: justify;\"><span style=\"color: #ff0000;\">QUE EL SANTO CIELO YA NO OS PUEDE ESPERAR M\u00c1S, LA GRAN TRIBULACI\u00d3N COMIENZA SU MARCHA Y VOSOTROS NO CREEIS&#8230;<\/span><\/p>\n<p style=\"text-align: justify;\">(<span style=\"color: #808080;\">NUESTRA MADRE Lo dice con gran tristeza y preocu<\/span><span style=\"color: #808080;\">paci\u00f3n)<\/span><\/p>\n<p style=\"text-align: center;\">(HABLA DIOS PADRE)<\/p>\n<p><span style=\"color: #808080;\">Abby!<\/span><\/p>\n<p>Ni\u00f1a M\u00eda!<\/p>\n<p><span style=\"color: #808080;\">Dime Abby&#8230;<\/span><\/p>\n<p style=\"text-align: center;\"><span style=\"color: #ff0000;\">ES URGENTE, ES URGENTE, ES URGENTE.<\/span><\/p>\n<p style=\"text-align: center;\"><span style=\"color: #ff0000;\">CONS\u00c1GRENSE, MIS PEQUE\u00d1OS, QUE SE ME ROMPE EL CORAZ\u00d3N SACRAT\u00cdSIMO DE VER VUESTROS DESTINOS ETERNOS<\/span><\/p>\n<p style=\"text-align: center;\"><span style=\"color: #ff0000;\">OS LO RUEGO: <\/span><\/p>\n<p style=\"text-align: center;\"><span style=\"color: #ff0000;\">CONSAGRAOS, CONSAGRAOS, CONSAGRAOS.<\/span><\/p>\n<p>como os dice Mi Amad\u00edsima Hija. No lo dej\u00e9is para ma\u00f1ana.<\/p>\n<p style=\"text-align: justify;\">Comenzad hoy para que est\u00e9is resguardados y protegidos de tanta calamidad que se avecina.\u00a0<span style=\"color: #808080;\">(Veo unas casitas de madera que est\u00e1n construidas al pie de una monta\u00f1a que se comienza a derrumbar).<\/span><\/p>\n<p style=\"text-align: center;\"><span style=\"color: #ff0000;\">NO ESPEREIS NI UN INSTANTE M\u00c1S.<\/span><\/p>\n<p style=\"text-align: center;\"><span style=\"color: #ff0000;\">\u00a1HACEDLO YA! \u00a1HACEDLO AHORA! NI\u00d1OS MIOS, PEQUE\u00d1OS TAN AMADOS QUE HAN SAILIDO UNO A UNO DE MI AMANTE CORAZ\u00d3N.<\/span><\/p>\n<p style=\"text-align: center;\"><span style=\"color: #ff0000;\">OS LO PIDO POR EL AMOR QUE OS TENGO,<\/span><\/p>\n<p style=\"text-align: center;\"><span style=\"color: #ff0000;\">VUESTRO AMANT\u00cdSIMO PADRE.<\/span><\/p>\n<p style=\"text-align: center;\">(HABLA NUESTRO SE\u00d1OR JESUCRISTO)<\/p>\n<p><span style=\"color: #808080;\">Mi Jes\u00fas<\/span><\/p>\n<p style=\"text-align: justify;\"><span style=\"color: #000000;\">Peque\u00f1a<\/span><\/p>\n<p style=\"text-align: justify;\"><span style=\"color: #000000;\">No son los libros ni los discursos ni alegatos lo que salva a Mis peque\u00f1os sino la fe, la oraci\u00f3n y las obras \u00a1Que lo entiendan \u00a1ya!<\/span><\/p>\n<p style=\"text-align: justify;\"><span style=\"color: #000000;\">Que no admiren a vuestro Papa, que lo imiten, o de nada servir\u00e1 lo que cre\u00e9is que vale.<\/span><\/p>\n<p style=\"text-align: justify;\"><span style=\"color: #000000;\">Valen las obras, vale la donaci\u00f3n, vale la oraci\u00f3n de Coraz\u00f3n, vale la penitencia, vale la Santa Eucarist\u00eda, vale Acompa\u00f1ar a Su Se\u00f1or, Su Dios, Su Hermano Mayor, Su Ejemplo, Gu\u00eda y Amigo Fiel. Eso vale, Peque\u00f1a, pero no lo est\u00e1n haciendo como deben.<\/span><\/p>\n<p style=\"text-align: justify;\"><span style=\"color: #000000;\">D\u00f3nde est\u00e1n sus obras \u00bfLlegar\u00e1n ante M\u00ed con las manos vac\u00edas? \u00bfSab\u00e9is el dolor que es ese! \u00a1No lo pod\u00e9is siquiera imaginar!<\/span><\/p>\n<p style=\"text-align: justify;\"><span style=\"color: #000000;\">Llegar despu\u00e9s de una vida plena de bendiciones y llegar sin nada&#8230; A no presentarMe cuentas de algo bueno.<\/span><\/p>\n<p style=\"text-align: justify;\"><span style=\"color: #000000;\">Si segu\u00eds viviendo para vosotros no habr\u00e1 Salvaci\u00f3n, Peque\u00f1os, no la puede haber as\u00ed. Al menos, en este tiempo que resta, haced el esfuerzo, pero el esfuerzo TOTAL que ya hab\u00e9is perdido mucho tiempo. Para ello habr\u00e9is de CONSAGRAROS, como os insiste tan amorosamente Mi Sant\u00edsima Madre.<\/span><\/p>\n<p style=\"text-align: justify;\"><span style=\"color: #000000;\">Hacedlo, Peque\u00f1os, que todo lo dais al Cesar y nada Me Dais a M\u00ed, \u00bfQue no saben que el cesar tiene moneda s\u00f3lo terrenal y nada vale ante la eternidad!<\/span><\/p>\n<p style=\"text-align: justify;\"><span style=\"color: #000000;\">Confiad vuestra providencia al Cielo que nunca os desamparar\u00e1.<\/span><\/p>\n<p style=\"text-align: justify;\"><span style=\"color: #000000;\">Llegados los acontecimientos ya no podr\u00e9is pedir la protecci\u00f3n que quisi\u00e9ramos daros. En medio del cataclismo \u00bfah\u00ed pretend\u00e9is aprended a orar, Mis Ni\u00f1os!<\/span><\/p>\n<p style=\"text-align: justify;\"><span style=\"color: #000000;\">Hacedlo ahora que hay salud, hacedlo ahora. No desaprovech\u00e9is estos tiempos \u00faltimos.<\/span><\/p>\n<p style=\"text-align: justify;\"><span style=\"color: #000000;\">Se avecina Mi Divina Misericordia <span style=\"color: #808080;\">(*)<\/span>. Id viendo lo que es, estudiad y aprended sus Santas Promesas.<\/span><\/p>\n<p style=\"text-align: justify;\"><span style=\"color: #808000;\"><span style=\"color: #000000;\">No dej\u00e9is este rayito de luz que ten\u00e9is a\u00fan por alma que se apague, no lo<\/span> <span style=\"color: #000000;\">dej\u00e9is apagar.<\/span><\/span><\/p>\n<p style=\"text-align: center;\">(HABLA SAN MIGUEL ARC\u00c1NGEL)<\/p>\n<p><span style=\"color: #808080;\">San Miguel<\/span><\/p>\n<p>Peque\u00f1a<\/p>\n<p style=\"text-align: justify;\">Ya ves como con nuestra protecci\u00f3n hasta los malos pensamientos huyen, como tu alma est\u00e1 invadida por paz y bienestar.<\/p>\n<p style=\"text-align: justify;\">All\u00e1 afuera el Maligno anda tomando almas con una facilidad que da pena, no tienen ni con que resistir. Tan llenas de pecado est\u00e1n las almitas que con un soplo son echadas por tierra. Ya ni batalla dan. Si vosotros no ten\u00e9is fuerza, sabed que quienes somos Fieles al Cielo la tenemos, por eso os pedimos, -pr\u00e1cticamente os rogamos- que os Consagr\u00e9is para que Nosotros os podamos proteger \u00bfLo pod\u00e9is comprender?<\/p>\n<p><em><span style=\"text-decoration: underline;\">Visi\u00f3n Espiritual<\/span>:<\/em><\/p>\n<p style=\"text-align: justify;\"><em>Me veo parada en un desierto y detr\u00e1s de mi un \u00c1ngel, San Miguel, enorme -me parece que es cuatro veces la altura de un ser humano- y yo estoy tan en calma, como ahora.<\/em><\/p>\n<p style=\"text-align: justify;\"><em>Me muestran a otra persona que no est\u00e1 Consagrada, que no pide protecci\u00f3n y la veo desesperada tratando de alejar unos insectos que vuelan, como p\u00e1jaros, hacia ella y no tiene ni un instante de paz, porque no termina de espantar a uno cuando otra alima\u00f1a, esta vez una serpiente ya se le acerc\u00f3. Con sus solas fuerzas humanas lucha contra esas criaturas, pero es infructuoso su esfuerzo. Se, con claridad que es el ORGULLO lo que le impide pedir protecci\u00f3n al Cielo &#8211;<span style=\"color: #ff0000;\">CONSAGRARSE<\/span>&#8211; para poder estar en tranquilidad y calma. Y se que esas son las opciones y s\u00f3lo la humildad de saberos tan\u00a0 impotentes y solicitar la ayuda del Cielo nos va a dar esa calma, ese gozo tan anhelado. Para ello, -nos lo dicen del Cielo-, la Consagraci\u00f3n es necesaria. Si ya la hemos hechos, a cada rato repetirla.<\/em><\/p>\n<p style=\"text-align: center;\">(HABLA SAN JOS\u00c9)<\/p>\n<p>San Jos\u00e9<\/p>\n<p>Peque\u00f1a, una vez consagrados a Jes\u00fas y Mar\u00eda Sant\u00edsima Consagradme a sus familias <span style=\"color: #888888;\">(**)<\/span>.<\/p>\n<p>Que as\u00ed sea&#8230;<\/p>\n<p>Amen<\/p>\n<p><span style=\"color: #808080;\">(*) EL D\u00eda de la Divina Misericordia que es el Domingo siguiente al de la Pascua de Resurrecci\u00f3n\u00a0<\/span><\/p>\n<p style=\"text-align: justify;\"><span style=\"color: #888888;\">(**) \u00bf<\/span><span style=\"color: #888888;\">C\u00f3mo se han de Consagrar San Jos\u00e9?<\/span><\/p>\n<p style=\"text-align: justify;\"><span style=\"color: #888888;\">Con la libertad que Nuestro Amado Padre os ha confiado como signo de amor y semejanza a las criaturas Celestiales, decid as\u00ed:<\/span><\/p>\n<p style=\"text-align: justify;\"><em><span style=\"color: #333399;\">San Jos\u00e9 Consagro Mi Familia terrenal completa a tu Paternal Protecci\u00f3n para que nos manteng\u00e1is en resguardo discreto y seguro en estos tiempos. No permit\u00e1is, Amado San Jos\u00e9, que ni uno s\u00f3lo se pierda muriendo sin los ritos sacerdotales y sin tu Amable y amante presencia al lado de cada moribundo de nuestra Familia. Te Confiamos a ti esta que es el mayor Bien que El Cielo nos ha prestado para juntos alcanzar la Gloria Celestial. Amen. <\/span><\/em><\/p>\n<p style=\"text-align: justify;\"><span style=\"color: #333399;\"><span style=\"color: #808080;\">(de el HDDH \u00abQue las familias sean Consagradas a mi paternal Protecci\u00f3n. Recibido el 20 Febrero del a\u00f1o del Se\u00f1or 2013)<\/span><\/span><\/p>\n<p style=\"text-align: justify;\">(Marzo 26)<\/p>\n<p style=\"text-align: justify;\">A\u00f1o del Se\u00f1or 2013<\/p>\n<h2 style=\"text-align: center;\">HACE 70 D\u00cdAS A LA FECHA SE NOS DIJO:<\/h2>\n<p style=\"text-align: center;\" align=\"center\"><a href=\"http:\/\/tambienestuya.com\/wp-content\/uploads\/2013\/03\/DownloadedFile2.jpeg\"><img loading=\"lazy\" decoding=\"async\" class=\"aligncenter size-thumbnail wp-image-951\" title=\"DownloadedFile\" alt=\"\" src=\"http:\/\/tambienestuya.com\/wp-content\/uploads\/2013\/03\/DownloadedFile2-150x150.jpeg\" width=\"150\" height=\"150\" \/><\/a><\/p>\n<p style=\"text-align: center;\" align=\"center\">(HABLA NUESTRA SANT\u00cdSIMA MADRE)<\/p>\n<p style=\"text-align: justify;\"><span style=\"color: #888888;\">\u00bfMadre?<\/span><\/p>\n<p style=\"text-align: justify;\">Escucha, Peque\u00f1a:<\/p>\n<p style=\"text-align: justify;\">Vas haciendo bien el trabajo.<\/p>\n<p style=\"text-align: justify;\">Las personas que ahora mismo ya deber\u00edan estarte ayudando, no lo est\u00e1n haciendo y est\u00e1n dilatando a\u00fan m\u00e1s este caminito al Cielo, s\u00f3lo \u00c1ngel te est\u00e1 ayudando, no porque no est\u00e9n ahora capacitados para entender el plan del Cielo quiere decir que El Cielo muda de plan.<\/p>\n<p style=\"text-align: justify;\">El Diablo los esta atacando con dureza porque no creen en la seriedad de los llamados. Vas a tener que seguir sola, si es que los hermanitos que por otros lados Hemos preparados no quieren estar listos y comenzar \u00a1 ya! En este camino el que no este dispuesto a trabajar es dado de baja como en sus empresas y se buscan otros que ocupen sus lugares.<\/p>\n<p style=\"text-align: justify;\">Es muy triste , pero<span style=\"color: #ff0000;\"> El PLAN DEL CIELO ES DE SALVACI\u00d3N DE ALMAS Y YA NO PODEMOS ESPERAR A NADIE QUE NO ESTE DISPUESTO A TRABAJAR AHORA.<\/span><\/p>\n<p style=\"text-align: justify;\">Aquellos que ya deber\u00edan estar apurados en tu ayuda, que es la ayuda, los ayudantes del Cielo tienen como prioridad al mundo y sus ego\u00edsmos y no al Cielo, el cielo ya no espera, que lo sepan.<\/p>\n<p style=\"text-align: justify;\"><span style=\"color: #ff0000;\">Si han de trabajar para El Reino que hagan la Consagraci\u00f3n a los Corazones de Jes\u00fas y de Mar\u00eda que le he dado a Mi Hijo Agust\u00edn<\/span><span style=\"color: #888888;\">(*)<\/span>. Esto mostrar\u00e1 y demostrar\u00e1 su apego al Cielo y es Ahora antes de que los acontecimientos se agraven.<\/p>\n<p style=\"text-align: justify;\">Los que tengan en su plan servir al cielo en el 2014 o en el 15 que sepan que ya no contar\u00e1 El Cielo con ellos. D\u00edselos Peque\u00f1a <span style=\"color: #888888;\">(La Madre Sant\u00edsima lo dice con angustia grand\u00edsima)<\/span>. Que comiencen por esto y que lean las tareas que El Cielo les va dejando semana a semana en este sitio, en este recipiente Santo que preparamos para albergar los Hermosos Di\u00e1logos Did\u00e1cticos para la Humanidad. Los que quieran pensar que es un juego, que pueden leerlos cuando no tengan nada mejor que hacer, que sepan que si no los colocan como prioridad, el Cielo prescindir\u00e1 de ellos y ellos mismos no podr\u00e1n cumplir su Santa Misi\u00f3n y que sepan que no hay cosa m\u00e1s dolosa y dolorosa para el almita que llegar al JUICIO ANTE MI AMAD\u00cdSIMO HIJO y tener que refutar cuando se les pregunte sobre el fiel y puntual cumplimiento de su Santa Misi\u00f3n.<\/p>\n<p style=\"text-align: justify;\">Siguen creyendo que a Dios Padre le pueden dar migajas, cuando Abba les ha dado todo y a\u00fan m\u00e1s y se los sigue dando, pero el mundo llega al termino anunciado en el Apocalipsis y los que no est\u00e9n Consagrados quedar\u00e1n fuera. Sabemos, Peque\u00f1a, que tus asuntos personales los relegas al \u00faltimo lugar, donde corresponden, despu\u00e9s de El Amor a la Sacrosanta Trinidad y el consiguiente Amor al pr\u00f3jimo.<\/p>\n<p style=\"text-align: justify;\">Esto no es un juego. Comprom\u00e9tanse ya o desistan, que las migajas no son lo que El Cielo solicita de ustedes y Dios no es de colocarlo en el \u00faltimo lugar.<\/p>\n<p style=\"text-align: justify;\">La entrada al Cielo es ahora, la Salvaci\u00f3n tambi\u00e9n, no ma\u00f1ana. No hay ma\u00f1ana, no la hay, Peque\u00f1os ni\u00f1os tercos que creen que tienen tiempo comprado.<\/p>\n<p style=\"text-align: justify;\"><span style=\"color: #888888;\">\u00a0(*)<strong>Mar\u00eda, Maestra de los Ap\u00f3stoles de los \u00daltimos Tiempos Tomo I\u00a0<\/strong><strong>Consagraci\u00f3n a Mi Inmaculado Coraz\u00f3n\u00a0<\/strong>Revelaciones dadas a un alma a quien Jes\u00fas le llama Agust\u00edn del Divino Coraz\u00f3n.\u00a0Mensajero de los Sagrados Corazones Unidos y Traspasados de Jes\u00fas y de Mar\u00eda.\u00a0(La Consagraci\u00f3n de los 33 d\u00edas se encuentra el Internet para descargar gratuitamente) en:<\/span><\/p>\n<p style=\"text-align: justify;\"><a href=\"http:\/\/www.mediafire.com\/view\/?o4f235m8a6g46cy\">\u00a0BAJAR EL LIBRO DONDE EST\u00c1 LA CONSAGRACI\u00d3N<\/a><\/p>\n<p style=\"text-align: justify;\">Nuestra Madre Sant\u00edsima me pide que ponga la fecha de hoy: S\u00e1bado 19 de enero a la 1:30 AM.<\/p>\n<p style=\"text-align: center;\"><a href=\"http:\/\/tambienestuya.com\/wp-content\/uploads\/2013\/03\/images-173.jpeg\"><img loading=\"lazy\" decoding=\"async\" title=\"images-173\" alt=\"\" src=\"http:\/\/tambienestuya.com\/wp-content\/uploads\/2013\/03\/images-173.jpeg\" width=\"116\" height=\"240\" \/><\/a><\/p>\n<p style=\"text-align: justify;\">HDDH<\/p>\n<p style=\"text-align: justify;\">(Enero 19)<\/p>\n<p>A\u00f1o del Se\u00f1or 2013<\/p>\n<p>Y Mar\u00eda del Getseman\u00ed<\/p>\n<p>&nbsp;<\/p>\n","protected":false},"excerpt":{"rendered":"<p>(HABLA NUESTRA SANTISIMA MADRE) Madre Sant\u00edsima Peque\u00f1a&#8230; Atiendo Escucha: son tantos los que no han querido Consagrarse a Nuestros Sacrat\u00edsimos Corazones por no creer que es NECESARIO, pero LO ES. Nunca el Cielo da una orden, una invitaci\u00f3n, una sugerencia, &hellip; <a href=\"https:\/\/tambienestuya.com\/?page_id=937\">Sigue leyendo <span class=\"meta-nav\">&rarr;<\/span><\/a><\/p>\n","protected":false},"author":1,"featured_media":0,"parent":0,"menu_order":0,"comment_status":"closed","ping_status":"closed","template":"","meta":{"footnotes":""},"class_list":["post-937","page","type-page","status-publish","hentry"],"_links":{"self":[{"href":"https:\/\/tambienestuya.com\/index.php?rest_route=\/wp\/v2\/pages\/937","targetHints":{"allow":["GET"]}}],"collection":[{"href":"https:\/\/tambienestuya.com\/index.php?rest_route=\/wp\/v2\/pages"}],"about":[{"href":"https:\/\/tambienestuya.com\/index.php?rest_route=\/wp\/v2\/types\/page"}],"author":[{"embeddable":true,"href":"https:\/\/tambienestuya.com\/index.php?rest_route=\/wp\/v2\/users\/1"}],"replies":[{"embeddable":true,"href":"https:\/\/tambienestuya.com\/index.php?rest_route=%2Fwp%2Fv2%2Fcomments&post=937"}],"version-history":[{"count":14,"href":"https:\/\/tambienestuya.com\/index.php?rest_route=\/wp\/v2\/pages\/937\/revisions"}],"predecessor-version":[{"id":2703,"href":"https:\/\/tambienestuya.com\/index.php?rest_route=\/wp\/v2\/pages\/937\/revisions\/2703"}],"wp:attachment":[{"href":"https:\/\/tambienestuya.com\/index.php?rest_route=%2Fwp%2Fv2%2Fmedia&parent=937"}],"curies":[{"name":"wp","href":"https:\/\/api.w.org\/{rel}","templated":true}]}}