{"id":798,"date":"2013-03-23T06:05:33","date_gmt":"2013-03-23T12:05:33","guid":{"rendered":"http:\/\/tambienestuya.com\/?page_id=798"},"modified":"2015-04-03T01:24:35","modified_gmt":"2015-04-03T07:24:35","slug":"mi-iglesia-no-entrara-a-la-modernidad","status":"publish","type":"page","link":"https:\/\/tambienestuya.com\/?page_id=798","title":{"rendered":"MI IGLESIA"},"content":{"rendered":"<p style=\"text-align: center;\"><a href=\"http:\/\/tambienestuya.com\/wp-content\/uploads\/2013\/03\/imaaages-191.jpeg\"><img loading=\"lazy\" decoding=\"async\" class=\"aligncenter  wp-image-799\" title=\"imaaages-19\" alt=\"\" src=\"http:\/\/tambienestuya.com\/wp-content\/uploads\/2013\/03\/imaaages-191.jpeg\" width=\"128\" height=\"193\" \/><\/a><\/p>\n<p style=\"text-align: center;\">(HABLA NUESTRO SE\u00d1OR JESUCRISTO)<\/p>\n<p>\u00a0Peque\u00f1a<\/p>\n<p><span style=\"color: #888888;\">Mi Amado<\/span><\/p>\n<p style=\"text-align: justify;\">Escucha: El nuevo Papa que ten\u00e9is en el mundo no ser\u00e1 del agrado de muchos porque os recordar\u00e1 aquello de lo que no os quer\u00e9is acordar: Simplemente de c\u00f3mo hab\u00e9is de ser: Francisco I, es quien guiar\u00e1 a Mi Santo Resto Fiel en este final de los tiempos. No lo dud\u00e9is.<\/p>\n<p style=\"text-align: justify;\">Ahora, Peque\u00f1a, muchos no querr\u00e1n dejarse doblegar por El Esp\u00edritu que \u00e9l encarna y representa: que es el esp\u00edritu franciscano, es decir: La Humildad misma, el amor por todas Mis criaturas, s\u00ed, incluyendo Mis peque\u00f1as criaturas y a la misma Creaci\u00f3n del Padre Amado.<\/p>\n<p style=\"text-align: justify;\">Algunos, y no son pocos, deseaban un Papa que \u201cmodernizara el pecado\u201d, pero eso no puede ser. No por ello, a\u00fan con voto de obediencia, acatar\u00e1n las ordenes de Mi Santo Pont\u00edfice. Intentar\u00e1n, por todo medio posible, que acepte el pecado como si fuera el Bien, pero no lo doblegar\u00e1n, no lo har\u00e1n. Mi Fiel Papa no en funciones, Benedicto, admite y apoya el esfuerzo que con el nuevo Papa har\u00e9is. Con ellos Estoy y est\u00e1 Mi Amad\u00edsima Madre (Acordaos que no hay hijos m\u00e1s predilectos entre los predilectos que aquellos que as\u00ed llama Mi Sant\u00edsima Madre).<\/p>\n<p style=\"text-align: justify;\">No lo dud\u00e9is, habr\u00e1n multitudes furiosas y vosotros no deber\u00e9is entrar en discusiones, porque os lo he dicho: El pecado es pecado y siempre lo ser\u00e1.<\/p>\n<div>\n<p style=\"text-align: justify;\">Mi Iglesia fue fundada Por Pedro a quien entregu\u00e9 la responsabilidad y las Llaves del Cielo.<\/p>\n<p style=\"text-align: justify;\">Nunca el Esp\u00edritu Santo de Bien Absoluto y de Verdad estar\u00e1 lejos de Mi Santa Palabra<\/p>\n<p style=\"text-align: justify;\">y el pecado no ser\u00e1 secundado, \u00bfLo entend\u00e9is, Mis Peque\u00f1os?<\/p>\n<p style=\"text-align: justify;\">Mi Iglesia no entrar\u00e1 a \u201cla modernidad\u201d, no ser\u00e1 parte del curso del mundo y los acontecimientos que sucedan a partir de ahora.<\/p>\n<p style=\"text-align: justify;\">Mi resto Fiel no deber\u00e1 participar de lo que le es propio al mundo y deber\u00e1, como Mi Fiel Benedicto XVI, recluirse lo m\u00e1s posible para que sus almas no sean mortalmente contaminadas.<\/p>\n<p style=\"text-align: justify;\">Resguardaos lo m\u00e1s posible.<\/p>\n<p style=\"text-align: justify;\">Asistid a la Santa Eucarist\u00eda Diariamente.<\/p>\n<p style=\"text-align: justify;\">No os acost\u00e9is en pecado mortal, que podr\u00edais no despertad.<\/p>\n<p style=\"text-align: justify;\">Ser caritativos y creed que Mi Segunda Venida se acerca y el Maligno anda como le\u00f3n rugiente secuestrando a las almas para llevarlas al infierno.<\/p>\n<p style=\"text-align: justify;\">No son tiempos de que and\u00e9is viajando y vacacionando en lugares lejanos que no sab\u00e9is los acontecimientos tremendos que se os avecinan.<\/p>\n<p style=\"text-align: justify;\">Manteneos cerca a vuestras casas y hogares para poder retornar a ellos en cualquier emergencia.<\/p>\n<p style=\"text-align: justify;\">No and\u00e9is despreocupados por las calles y mucho menos sin protecci\u00f3n (os lo recuerdo nuevamente, por si ya lo hab\u00e9is dejado caer al saco del olvido). No salg\u00e1is, ya os lo hab\u00eda dicho, sin el Salmo de Protecci\u00f3n 91 y Efesios 6\u00a0<span style=\"color: #888888;\">(*)<\/span>\u00a0Que sea vuestra prioridad por las ma\u00f1anas y Consagraos a Mar\u00eda Sant\u00edsima\u00a0<span style=\"color: #888888;\">(**)<\/span>\u00a0 a cada oportunidad.<\/p>\n<p style=\"text-align: justify;\">No solt\u00e9is vuestros Sacramentales y Santos Rosarios.<\/p>\n<p style=\"text-align: justify;\">El Cielo, Peque\u00f1os Ni\u00f1os, Amado Resto Fiel, nunca os habla sin motivo, as\u00ed que si el Santo Cielo os previene: Haced caso, que de lo contrario podr\u00e9is sufrir fuertes calamidades.<\/p>\n<p style=\"text-align: justify;\">Os lo dijimos, -aunque no sepan por qu\u00e9- haced caso cuando se os llame internamente. Si sent\u00eds que no deb\u00e9is ir a alg\u00fan sitio, o que no deb\u00e9is tomar tal camino: No lo hag\u00e1is. No permit\u00e1is que la raz\u00f3n entre porque por ah\u00ed podr\u00e9is ser fatalmente enga\u00f1ados.<\/p>\n<p style=\"text-align: justify;\">No se\u00e1is como las mujeres necias que no ten\u00edan aceite en sus l\u00e1mparas porque el Se\u00f1or tardaba en llegar\u00a0<span style=\"color: #888888;\">(***)<\/span>.<\/p>\n<p style=\"text-align: justify;\">Estad atentos a Mis Llamados que pronto Vengo a vosotros, Mi peque\u00f1o Resto Fiel.<\/p>\n<p style=\"text-align: justify;\">No dud\u00e9is no dud\u00e9is no dud\u00e9is<\/p>\n<p style=\"text-align: justify;\">Haced como os indico que se aproxima la guerra, la escasez y eventos nunca antes vistos por ojos del hombre, pero SABED que hab\u00e9is escogido la mejor parte: \u00a0SOIS MIS HIJITOS, MIS PEQUE\u00d1OS Y NO OS DESAMPARAR\u00c9 JAM\u00c1S.<\/p>\n<p style=\"text-align: justify;\">Por lo dem\u00e1s, Ni\u00f1os M\u00edos, con estas precauciones quedaos en Paz que Mis Santos \u00c1ngeles guardan vuestros Caminos\u00a0(Salmo 91).<\/p>\n<p style=\"text-align: justify;\">Os Amo Inconmensurablemente<\/p>\n<p>Jesus, Su Buen Pastor.<\/p>\n<p>Amen, Mis Peque\u00f1os<\/p>\n<p><span style=\"color: #888888;\">Amen, Amado Jesus nuestro<\/span>.<\/p>\n<div>\n<p style=\"text-align: center;\">(HABLA NUESTRA SANT\u00cdSIMA MADRE MAR\u00cdA)<\/p>\n<p>Peque\u00f1ita<\/p>\n<p><span style=\"color: #888888;\">Madre Sant\u00edsima<\/span><\/p>\n<p style=\"text-align: justify;\">Esto os lo advierto y recalco especialmente para aquellos que ten\u00e9is Misi\u00f3n ya con el Santo Cielo: No os descuid\u00e9is, que as\u00ed como en vuestros trabajos terrenales, vuestros patrones, si han de hacer bien el desempe\u00f1o de su labor, tienen que ver que los trabajadores est\u00e9n seguros y protegidos, algo as\u00ed es con el Cielo. Vosotros que ten\u00e9is Misiones con El Santo Cielo no hag\u00e1is las cosas sin tener en cuenta vuestra seguridad. Haced como os Dice Mi Amad\u00edsimo Hijo, \u00bflo entend\u00e9is, Mis Amados?<\/p>\n<div>\n<p style=\"text-align: center;\"><span style=\"color: #888888;\">(*)\u00a0SALMO 91<\/span><\/p>\n<p style=\"text-align: center;\"><span style=\"color: #888888;\"><sup>1<\/sup>\u00a0\u00abEl que habita al abrigo del Alt\u00edsimo<\/span><\/p>\n<p style=\"text-align: center;\"><span style=\"color: #888888;\">Morar\u00e1 bajo la sombra del Omnipotente.<\/span><\/p>\n<p style=\"text-align: center;\"><span style=\"color: #888888;\"><sup>2<\/sup>\u00a0Dir\u00e9 yo a Yahv\u00e9: Esperanza m\u00eda, y castillo m\u00edo;<\/span><\/p>\n<p style=\"text-align: center;\"><span style=\"color: #888888;\">Mi Dios, en quien confiar\u00e9.<\/span><\/p>\n<p style=\"text-align: center;\"><span style=\"color: #888888;\"><sup>3<\/sup>\u00a0El te librar\u00e1 del lazo del cazador,<\/span><\/p>\n<p style=\"text-align: center;\"><span style=\"color: #888888;\">De la peste destructora.<\/span><\/p>\n<p style=\"text-align: center;\"><span style=\"color: #888888;\"><sup>4<\/sup>\u00a0Con sus plumas te cubrir\u00e1,<\/span><\/p>\n<p style=\"text-align: center;\"><span style=\"color: #888888;\">Y debajo de sus alas estar\u00e1s seguro;<\/span><\/p>\n<p style=\"text-align: center;\"><span style=\"color: #888888;\">Escudo y adarga es su verdad.<\/span><\/p>\n<p style=\"text-align: center;\"><span style=\"color: #888888;\"><sup>5<\/sup>\u00a0No temer\u00e1s el terror nocturno,<\/span><\/p>\n<p style=\"text-align: center;\"><span style=\"color: #888888;\">Ni saeta que vuele de d\u00eda,<\/span><\/p>\n<p style=\"text-align: center;\"><span style=\"color: #888888;\"><sup>6<\/sup>\u00a0Ni pestilencia que ande en oscuridad,<\/span><\/p>\n<p style=\"text-align: center;\"><span style=\"color: #888888;\">Ni mortandad que en medio del d\u00eda destruya.<\/span><\/p>\n<p style=\"text-align: center;\"><span style=\"color: #888888;\"><sup>7<\/sup>\u00a0Caer\u00e1n a tu lado mil,<\/span><\/p>\n<p style=\"text-align: center;\"><span style=\"color: #888888;\">Y diez mil a tu diestra;<\/span><\/p>\n<p style=\"text-align: center;\"><span style=\"color: #888888;\">Mas a ti no llegar\u00e1.<\/span><\/p>\n<p style=\"text-align: center;\"><span style=\"color: #888888;\"><sup>8<\/sup>\u00a0Ciertamente con tus ojos mirar\u00e1s<\/span><\/p>\n<p style=\"text-align: center;\"><span style=\"color: #888888;\">Y ver\u00e1s la recompensa de los imp\u00edos.<\/span><\/p>\n<p style=\"text-align: center;\"><span style=\"color: #888888;\"><sup>9<\/sup>\u00a0Porque has puesto a Yahv\u00e9, que es tu esperanza,<\/span><\/p>\n<p style=\"text-align: center;\"><span style=\"color: #888888;\">Al Alt\u00edsimo por tu habitaci\u00f3n,<\/span><\/p>\n<p style=\"text-align: center;\"><span style=\"color: #888888;\"><sup>10<\/sup>\u00a0No te sobrevendr\u00e1 mal,<\/span><\/p>\n<p style=\"text-align: center;\"><span style=\"color: #888888;\">Ni plaga tocar\u00e1 tu morada.<\/span><\/p>\n<p style=\"text-align: center;\"><span style=\"color: #888888;\"><sup>11<\/sup>\u00a0Pues a sus \u00e1ngeles mandar\u00e1 acerca de ti,<\/span><\/p>\n<p style=\"text-align: center;\"><span style=\"color: #888888;\">Que te guarden en todos tus caminos.<\/span><\/p>\n<p style=\"text-align: center;\"><span style=\"color: #888888;\"><sup>12<\/sup>\u00a0En las manos te llevar\u00e1n,<\/span><\/p>\n<p style=\"text-align: center;\"><span style=\"color: #888888;\">Para que tu pie no tropiece en piedra.<\/span><\/p>\n<p style=\"text-align: center;\"><span style=\"color: #888888;\"><sup>13<\/sup>\u00a0Sobre el le\u00f3n y el \u00e1spid pisar\u00e1s;<\/span><\/p>\n<p style=\"text-align: center;\"><span style=\"color: #888888;\">Hollar\u00e1s al cachorro del le\u00f3n y al drag\u00f3n.<\/span><\/p>\n<p style=\"text-align: center;\"><span style=\"color: #888888;\"><sup>14<\/sup>\u00a0Por cuanto en m\u00ed ha puesto su amor, yo tambi\u00e9n lo librar\u00e9;<\/span><\/p>\n<p style=\"text-align: center;\"><span style=\"color: #888888;\">Le pondr\u00e9 en alto, por cuanto ha conocido mi nombre.<\/span><\/p>\n<p style=\"text-align: center;\"><span style=\"color: #888888;\"><sup>15<\/sup>\u00a0Me invocar\u00e1, y yo le responder\u00e9;<\/span><\/p>\n<p style=\"text-align: center;\"><span style=\"color: #888888;\">Con \u00e9l estar\u00e9 yo en la angustia;<\/span><\/p>\n<p style=\"text-align: center;\"><span style=\"color: #888888;\">Lo librar\u00e9 y le glorificar\u00e9.<\/span><\/p>\n<p style=\"text-align: center;\"><span style=\"color: #888888;\"><sup>16<\/sup>\u00a0Lo saciar\u00e9 de larga vida,<\/span><\/p>\n<p style=\"text-align: center;\"><span style=\"color: #888888;\">Y le mostrar\u00e9 mi salvaci\u00f3n.<\/span><\/p>\n<p style=\"text-align: center;\"><span style=\"color: #888888;\">Am\u00e9n.\u00bb<\/span><\/p>\n<p style=\"text-align: center;\"><span style=\"color: #888888;\">LA ARMADURA ESPIRITUAL<\/span><\/p>\n<p style=\"text-align: justify;\"><span style=\"color: #888888;\">\u201cPor lo dem\u00e1s, hermanos m\u00edos, fortaleceos en el Se\u00f1or, y en el poder de su fortaleza.<a href=\"http:\/\/bibliaparalela.com\/ephesians\/6-11.htm\"><span style=\"color: #888888;\"><strong>11<\/strong><\/span><\/a>\u00a0Vest\u00edos de toda la armadura de Dios, para que pod\u00e1is estar firmes contra las asechanzas del diablo;\u00a0<a href=\"http:\/\/bibliaparalela.com\/ephesians\/6-12.htm\"><span style=\"color: #888888;\"><strong>12<\/strong><\/span><\/a>\u00a0porque no tenemos lucha contra sangre y carne, sino contra principados, contra potestades, contra los gobernadores de las tinieblas de este mundo, contra malicias espirituales en las alturas.\u00a0<a href=\"http:\/\/bibliaparalela.com\/ephesians\/6-13.htm\"><span style=\"color: #888888;\"><strong>13<\/strong><\/span><\/a>\u00a0Por tanto, tomad toda la armadura de Dios, para que pod\u00e1is resistir en el d\u00eda malo, y habiendo acabado todo, estar firmes.\u00a0<a href=\"http:\/\/bibliaparalela.com\/ephesians\/6-14.htm\"><span style=\"color: #888888;\"><strong>14<\/strong><\/span><\/a>\u00a0Estad, pues, firmes, ce\u00f1idos vuestros lomos de verdad, y vestidos de la coraza de justicia;\u00a0<a href=\"http:\/\/bibliaparalela.com\/ephesians\/6-15.htm\"><span style=\"color: #888888;\"><strong>15<\/strong><\/span><\/a>\u00a0y calzados vuestros pies con el apresto del evangelio de paz.\u00a0<a href=\"http:\/\/bibliaparalela.com\/ephesians\/6-16.htm\"><span style=\"color: #888888;\"><strong>16<\/strong><\/span><\/a>\u00a0Sobre todo, tomad el escudo de la fe, con que pod\u00e1is apagar todos los dardos de fuego del maligno;\u00a0<a href=\"http:\/\/bibliaparalela.com\/ephesians\/6-17.htm\"><span style=\"color: #888888;\"><strong>17<\/strong><\/span><\/a>\u00a0y tomad el yelmo de la salvaci\u00f3n, y la espada del Esp\u00edritu, que es la palabra de Dios;\u00a0<a href=\"http:\/\/bibliaparalela.com\/ephesians\/6-18.htm\"><span style=\"color: #888888;\"><strong>18<\/strong><\/span><\/a>\u00a0orando en todo tiempo, con toda oraci\u00f3n y s\u00faplica en el Esp\u00edritu, y velando en ello con toda perseverancia y s\u00faplica por todos los santos;\u00a0<a href=\"http:\/\/bibliaparalela.com\/ephesians\/6-19.htm\"><span style=\"color: #888888;\"><strong>19<\/strong><\/span><\/a>\u00a0y por m\u00ed, para que al abrir mi boca me sea dada palabra para dar a conocer con denuedo el misterio del evangelio;\u00a0<a href=\"http:\/\/bibliaparalela.com\/ephesians\/6-20.htm\"><span style=\"color: #888888;\"><strong>20<\/strong><\/span><\/a>\u00a0por el cual soy embajador en cadenas; para que en ellas hable osadamente, como debo hablar.\u201d (Efe, 6: 10-20)<\/span><\/p>\n<p style=\"text-align: justify;\"><span style=\"color: #888888;\">(**) La Consagraci\u00f3n que hago, aunque hay distintas es esta: \u201c\u00a1Oh, Coraz\u00f3n Inmaculado de Mi Madre Mar\u00eda! A Vos Mi Madre os Consagro mi cuerpo, mi alma y mi esp\u00edritu; os Consagro mi familia, mis bienes espirituales y materiales y todo cuanto Dios Ha puesto a nuestro cuidado. Madre M\u00eda toma posesi\u00f3n de nosotros y nuestras familias. Que Tu Inmaculado Coraz\u00f3n proteja a nuestros hogares de todo desastre y calamidad y, en estos tiempos de purificaci\u00f3n, gu\u00edanos por el camino del Bien, para que junto contigo, podamos alcanzar la Gracia y Misericordia del Padre, del Hijo y del Esp\u00edritu Santo. Bendici\u00f3n de Mar\u00eda Prot\u00e9genos; bendici\u00f3n de Mar\u00eda C\u00fabrenos; bendici\u00f3n de Mar\u00eda Amp\u00e1ranos; bendici\u00f3n de Mar\u00eda Gu\u00edanos a las Puertas de La Jerusal\u00e9n Eterna. Amen\u201d<\/span><\/p>\n<p style=\"text-align: justify;\"><span style=\"color: #888888;\">(***) \u201cEntonces el Reino de los Cielos ser\u00e1 semejante a diez v\u00edrgenes que tomando sus l\u00e1mparas, salieron a recibir al novio. Cinco de ellas eran prudentes y cinco insensatas. Las insensatas, tomando sus l\u00e1mparas, no tomaron consigo aceite; mas las prudentes tomaron aceite en sus vasijas, juntamente con sus l\u00e1mparas. Y tard\u00e1ndose el esposo, cabecearon todas y se durmieron. Y a la medianoche se oy\u00f3 un clamor: \u00a1Aqu\u00ed viene el esposo; salid a recibirle! Entonces todas aquellas v\u00edrgenes se levantaron, y arreglaron sus l\u00e1mparas. Y las insensatas dijeron a las prudentes: dadnos de vuestro aceite; porque nuestras l\u00e1mparas se apagan. Mas las prudentes respondieron diciendo: Para que no nos falte a nosotras y a vosotras, id m\u00e1s bien a los que venden, y comprad para vosotras mismas. Pero mientras ellas iban a comprar, vino el novio; y las que estaban preparadas entraron con \u00e9l a la boda; y se cerr\u00f3 la puerta. Despu\u00e9s vinieron tambi\u00e9n las otras v\u00edrgenes, diciendo: \u00a1Se\u00f1or, se\u00f1or, \u00e1brenos! Mas \u00e9l, respondiendo, dijo: De cierto os digo, que no os conozco. Velad, pues, porque no sab\u00e9is el d\u00eda ni la hora en que el Hijo del Hombre ha de venir\u201d.\u00a0(Mt 25, 1-13)<a href=\"http:\/\/es.wikipedia.org\/wiki\/Par%C3%A1bola_de_las_diez_v%C3%ADrgenes#cite_note-Mt25.1.13-1\"><span style=\"color: #888888;\"><br \/>\n<\/span><\/a><\/span><\/p>\n<p>HDDH<\/p>\n<p>(Marzo 14 -Al d\u00eda siguiente de haber sido Electo El Papa Francisco-)<\/p>\n<p>A\u00f1o del Se\u00f1or 2013<\/p>\n<p>Y Mar\u00eda del Getseman\u00ed<\/p>\n<div><\/div>\n<\/div>\n<\/div>\n<\/div>\n","protected":false},"excerpt":{"rendered":"<p>(HABLA NUESTRO SE\u00d1OR JESUCRISTO) \u00a0Peque\u00f1a Mi Amado Escucha: El nuevo Papa que ten\u00e9is en el mundo no ser\u00e1 del agrado de muchos porque os recordar\u00e1 aquello de lo que no os quer\u00e9is acordar: Simplemente de c\u00f3mo hab\u00e9is de ser: Francisco &hellip; <a href=\"https:\/\/tambienestuya.com\/?page_id=798\">Sigue leyendo <span class=\"meta-nav\">&rarr;<\/span><\/a><\/p>\n","protected":false},"author":1,"featured_media":0,"parent":0,"menu_order":0,"comment_status":"closed","ping_status":"closed","template":"","meta":{"footnotes":""},"class_list":["post-798","page","type-page","status-publish","hentry"],"_links":{"self":[{"href":"https:\/\/tambienestuya.com\/index.php?rest_route=\/wp\/v2\/pages\/798","targetHints":{"allow":["GET"]}}],"collection":[{"href":"https:\/\/tambienestuya.com\/index.php?rest_route=\/wp\/v2\/pages"}],"about":[{"href":"https:\/\/tambienestuya.com\/index.php?rest_route=\/wp\/v2\/types\/page"}],"author":[{"embeddable":true,"href":"https:\/\/tambienestuya.com\/index.php?rest_route=\/wp\/v2\/users\/1"}],"replies":[{"embeddable":true,"href":"https:\/\/tambienestuya.com\/index.php?rest_route=%2Fwp%2Fv2%2Fcomments&post=798"}],"version-history":[{"count":6,"href":"https:\/\/tambienestuya.com\/index.php?rest_route=\/wp\/v2\/pages\/798\/revisions"}],"predecessor-version":[{"id":3678,"href":"https:\/\/tambienestuya.com\/index.php?rest_route=\/wp\/v2\/pages\/798\/revisions\/3678"}],"wp:attachment":[{"href":"https:\/\/tambienestuya.com\/index.php?rest_route=%2Fwp%2Fv2%2Fmedia&parent=798"}],"curies":[{"name":"wp","href":"https:\/\/api.w.org\/{rel}","templated":true}]}}